{"id":609,"date":"2025-09-25T15:18:42","date_gmt":"2025-09-25T15:18:42","guid":{"rendered":"https:\/\/habinsa.com\/landing\/?page_id=609"},"modified":"2025-09-25T15:20:41","modified_gmt":"2025-09-25T15:20:41","slug":"politica-de-privacidad","status":"publish","type":"page","link":"https:\/\/habinsa.com\/landing\/politica-de-privacidad\/","title":{"rendered":"Pol\u00edtica de Privacidad"},"content":{"rendered":"\t\t<div data-elementor-type=\"wp-page\" data-elementor-id=\"609\" class=\"elementor elementor-609\" data-elementor-post-type=\"page\">\n\t\t\t\t<div class=\"elementor-element elementor-element-28f2e1b e-flex e-con-boxed e-con e-parent\" data-id=\"28f2e1b\" data-element_type=\"container\">\n\t\t\t\t\t<div class=\"e-con-inner\">\n\t\t\t\t<div class=\"elementor-element elementor-element-2fb674a elementor-widget elementor-widget-heading\" data-id=\"2fb674a\" data-element_type=\"widget\" data-widget_type=\"heading.default\">\n\t\t\t\t\t<h2 class=\"elementor-heading-title elementor-size-default\">Pol\u00edtica de Privacidad<\/h2>\t\t\t\t<\/div>\n\t\t\t\t<div class=\"elementor-element elementor-element-ce21247 elementor-widget elementor-widget-text-editor\" data-id=\"ce21247\" data-element_type=\"widget\" data-widget_type=\"text-editor.default\">\n\t\t\t\t\t\t\t\t\t<p data-start=\"198\" data-end=\"572\">En HABINSA, valoramos la privacidad de nuestros clientes. Toda la informaci\u00f3n personal que recopilamos, como nombre, correo electr\u00f3nico, direcci\u00f3n y n\u00famero telef\u00f3nico, es tratada con absoluta confidencialidad y solo se utiliza para fines relacionados con la atenci\u00f3n, env\u00edo y mejora del servicio. No compartimos tus datos con terceros sin tu consentimiento expreso.<\/p><p data-start=\"574\" data-end=\"749\">Si tienes dudas sobre c\u00f3mo protegemos tu informaci\u00f3n, cont\u00e1ctanos a:<br data-start=\"642\" data-end=\"645\" \/><img decoding=\"async\" class=\"emoji\" role=\"img\" draggable=\"false\" src=\"https:\/\/s.w.org\/images\/core\/emoji\/16.0.1\/svg\/1f4e7.svg\" alt=\"\ud83d\udce7\" \/> ventas@habinsa.com<br data-start=\"711\" data-end=\"714\" \/><img decoding=\"async\" class=\"emoji\" role=\"img\" draggable=\"false\" src=\"https:\/\/s.w.org\/images\/core\/emoji\/16.0.1\/svg\/1f4de.svg\" alt=\"\ud83d\udcde\" \/>\u00a0Atenci\u00f3n al cliente: 941 435 373<\/p>\t\t\t\t\t\t\t\t<\/div>\n\t\t\t\t\t<\/div>\n\t\t\t\t<\/div>\n\t\t\t\t<\/div>\n\t\t","protected":false},"excerpt":{"rendered":"<p>Pol\u00edtica de Privacidad En HABINSA, valoramos la privacidad de nuestros clientes. Toda la informaci\u00f3n personal que recopilamos, como nombre, correo electr\u00f3nico, direcci\u00f3n y n\u00famero telef\u00f3nico, es tratada con absoluta confidencialidad y solo se utiliza para fines relacionados con la atenci\u00f3n, env\u00edo y mejora del servicio. No compartimos tus datos con terceros sin tu consentimiento expreso. [&hellip;]<\/p>\n","protected":false},"author":1,"featured_media":0,"parent":0,"menu_order":0,"comment_status":"closed","ping_status":"closed","template":"","meta":{"footnotes":""},"class_list":["post-609","page","type-page","status-publish","hentry"],"_links":{"self":[{"href":"https:\/\/habinsa.com\/landing\/wp-json\/wp\/v2\/pages\/609","targetHints":{"allow":["GET"]}}],"collection":[{"href":"https:\/\/habinsa.com\/landing\/wp-json\/wp\/v2\/pages"}],"about":[{"href":"https:\/\/habinsa.com\/landing\/wp-json\/wp\/v2\/types\/page"}],"author":[{"embeddable":true,"href":"https:\/\/habinsa.com\/landing\/wp-json\/wp\/v2\/users\/1"}],"replies":[{"embeddable":true,"href":"https:\/\/habinsa.com\/landing\/wp-json\/wp\/v2\/comments?post=609"}],"version-history":[{"count":7,"href":"https:\/\/habinsa.com\/landing\/wp-json\/wp\/v2\/pages\/609\/revisions"}],"predecessor-version":[{"id":616,"href":"https:\/\/habinsa.com\/landing\/wp-json\/wp\/v2\/pages\/609\/revisions\/616"}],"wp:attachment":[{"href":"https:\/\/habinsa.com\/landing\/wp-json\/wp\/v2\/media?parent=609"}],"curies":[{"name":"wp","href":"https:\/\/api.w.org\/{rel}","templated":true}]}}